{"id":573,"date":"2025-06-27T11:53:25","date_gmt":"2025-06-27T09:53:25","guid":{"rendered":"https:\/\/gbe56.fr\/?page_id=573"},"modified":"2025-06-27T11:56:47","modified_gmt":"2025-06-27T09:56:47","slug":"christina-2","status":"publish","type":"page","link":"https:\/\/gbe56.fr\/index.php\/christina-2\/","title":{"rendered":"Christina"},"content":{"rendered":"\n<div class=\"wp-block-media-text is-stacked-on-mobile\" style=\"grid-template-columns:27% auto\"><figure class=\"wp-block-media-text__media\"><img loading=\"lazy\" decoding=\"async\" width=\"547\" height=\"560\" src=\"http:\/\/gbe56.fr\/wp-content\/uploads\/2025\/06\/christina.png\" alt=\"\" class=\"wp-image-562 size-full\" srcset=\"https:\/\/gbe56.fr\/wp-content\/uploads\/2025\/06\/christina.png 547w, https:\/\/gbe56.fr\/wp-content\/uploads\/2025\/06\/christina-293x300.png 293w\" sizes=\"auto, (max-width: 547px) 100vw, 547px\" \/><\/figure><div class=\"wp-block-media-text__content\">\n<p>Passionn\u00e9e de sports depuis toujours et dipl\u00f4m\u00e9e dans l&rsquo;encadrement sportif, elle vous fait bouger avec motivation et bienveillance.<br>Elle animera des sessions de Pilates (d\u00e9butants) le Jeudi de 18h30 \u00e0 19h30 et notre nouvelle activit\u00e9 \u00ab\u00a0Circuit-Training\u00a0\u00bb de 19h30 \u00e0 20h30.<\/p>\n<\/div><\/div>\n\n\n\n<p><\/p>\n","protected":false},"excerpt":{"rendered":"<p>Passionn\u00e9e de sports depuis toujours et dipl\u00f4m\u00e9e dans l&rsquo;encadrement sportif, elle vous fait bouger avec motivation et bienveillance.Elle animera des sessions de Pilates (d\u00e9butants) le Jeudi de 18h30 \u00e0 19h30 et notre nouvelle activit\u00e9 \u00ab\u00a0Circuit-Training\u00a0\u00bb de 19h30 \u00e0 20h30.<\/p>\n","protected":false},"author":1,"featured_media":0,"parent":0,"menu_order":0,"comment_status":"closed","ping_status":"closed","template":"","meta":{"footnotes":""},"class_list":["post-573","page","type-page","status-publish","hentry"],"_links":{"self":[{"href":"https:\/\/gbe56.fr\/index.php\/wp-json\/wp\/v2\/pages\/573","targetHints":{"allow":["GET"]}}],"collection":[{"href":"https:\/\/gbe56.fr\/index.php\/wp-json\/wp\/v2\/pages"}],"about":[{"href":"https:\/\/gbe56.fr\/index.php\/wp-json\/wp\/v2\/types\/page"}],"author":[{"embeddable":true,"href":"https:\/\/gbe56.fr\/index.php\/wp-json\/wp\/v2\/users\/1"}],"replies":[{"embeddable":true,"href":"https:\/\/gbe56.fr\/index.php\/wp-json\/wp\/v2\/comments?post=573"}],"version-history":[{"count":2,"href":"https:\/\/gbe56.fr\/index.php\/wp-json\/wp\/v2\/pages\/573\/revisions"}],"predecessor-version":[{"id":576,"href":"https:\/\/gbe56.fr\/index.php\/wp-json\/wp\/v2\/pages\/573\/revisions\/576"}],"wp:attachment":[{"href":"https:\/\/gbe56.fr\/index.php\/wp-json\/wp\/v2\/media?parent=573"}],"curies":[{"name":"wp","href":"https:\/\/api.w.org\/{rel}","templated":true}]}}