{"id":24,"date":"2023-07-01T19:53:22","date_gmt":"2023-07-01T17:53:22","guid":{"rendered":"https:\/\/gbe56.fr\/?page_id=24"},"modified":"2024-07-09T18:10:56","modified_gmt":"2024-07-09T16:10:56","slug":"conseil-dadministration","status":"publish","type":"page","link":"https:\/\/gbe56.fr\/index.php\/conseil-dadministration\/","title":{"rendered":"Conseil d&rsquo;Administration"},"content":{"rendered":"\n<p>Les membres du conseil d&rsquo;administration \u00e9lus en Juin 2024 sont les suivants :<\/p>\n\n\n\n<div class=\"wp-block-group\"><div class=\"wp-block-group__inner-container is-layout-constrained wp-block-group-is-layout-constrained\">\n<p><\/p>\n\n\n\n<p><\/p>\n\n\n\n<figure class=\"wp-block-table\"><table><tbody><tr><td>BEZIE Jean Luc<\/td><td><\/td><\/tr><tr><td>BOCQUEL Elise<\/td><td><\/td><\/tr><tr><td>COUBARD Maud<\/td><td><\/td><\/tr><tr><td>HALGAND Val\u00e9rie<\/td><td><\/td><\/tr><tr><td><strong>LAVIGNE St\u00e9phanie<\/strong><\/td><td><strong>Secr\u00e9taire<\/strong><\/td><\/tr><tr><td>LEGRAND Christine<\/td><td><\/td><\/tr><tr><td>MAINBOURG Sylvie<\/td><td><\/td><\/tr><tr><td><strong>MARINI Jean<\/strong><\/td><td><strong>Tr\u00e9sorier<\/strong><\/td><\/tr><tr><td><strong>PETIT Cindy<\/strong><\/td><td><strong>Secr\u00e9taire adjointe<\/strong><\/td><\/tr><tr><td><strong>SEIGNEUR Laetitia<\/strong><\/td><td><strong>Pr\u00e9sidente<\/strong><\/td><\/tr><\/tbody><\/table><\/figure>\n<\/div><\/div>\n","protected":false},"excerpt":{"rendered":"<p>Les membres du conseil d&rsquo;administration \u00e9lus en Juin 2024 sont les suivants : BEZIE Jean Luc BOCQUEL Elise COUBARD Maud HALGAND Val\u00e9rie LAVIGNE St\u00e9phanie Secr\u00e9taire LEGRAND Christine MAINBOURG Sylvie MARINI Jean Tr\u00e9sorier PETIT Cindy Secr\u00e9taire adjointe SEIGNEUR Laetitia Pr\u00e9sidente<\/p>\n","protected":false},"author":1,"featured_media":0,"parent":0,"menu_order":0,"comment_status":"closed","ping_status":"closed","template":"","meta":{"footnotes":""},"class_list":["post-24","page","type-page","status-publish","hentry"],"_links":{"self":[{"href":"https:\/\/gbe56.fr\/index.php\/wp-json\/wp\/v2\/pages\/24","targetHints":{"allow":["GET"]}}],"collection":[{"href":"https:\/\/gbe56.fr\/index.php\/wp-json\/wp\/v2\/pages"}],"about":[{"href":"https:\/\/gbe56.fr\/index.php\/wp-json\/wp\/v2\/types\/page"}],"author":[{"embeddable":true,"href":"https:\/\/gbe56.fr\/index.php\/wp-json\/wp\/v2\/users\/1"}],"replies":[{"embeddable":true,"href":"https:\/\/gbe56.fr\/index.php\/wp-json\/wp\/v2\/comments?post=24"}],"version-history":[{"count":3,"href":"https:\/\/gbe56.fr\/index.php\/wp-json\/wp\/v2\/pages\/24\/revisions"}],"predecessor-version":[{"id":379,"href":"https:\/\/gbe56.fr\/index.php\/wp-json\/wp\/v2\/pages\/24\/revisions\/379"}],"wp:attachment":[{"href":"https:\/\/gbe56.fr\/index.php\/wp-json\/wp\/v2\/media?parent=24"}],"curies":[{"name":"wp","href":"https:\/\/api.w.org\/{rel}","templated":true}]}}